{"id":74,"date":"2020-11-20T19:29:38","date_gmt":"2020-11-20T18:29:38","guid":{"rendered":"http:\/\/nextgenerationfoundation.ch\/?page_id=74"},"modified":"2020-11-27T23:08:36","modified_gmt":"2020-11-27T22:08:36","slug":"impressum","status":"publish","type":"page","link":"https:\/\/nextgenerationfoundation.ch\/en\/impressum\/","title":{"rendered":"Imprint"},"content":{"rendered":"<p><strong>Contact address<\/strong><\/p>\n\n\n\n<p>Next Generation Foundation<br>Schochem\u00fchlestrasse 4<br>6340 Baar<br>Switzerland<\/p>\n\n\n\n<p>E-Mail: <a href=\"mailto:mv@nextgenerationfoundation.ch\">mv@nextgenerationfoundation.ch<\/a><\/p>\n\n\n\n<p><strong>Authorised representative(s)<\/strong><\/p>\n\n\n\n<p>Manuel Vogel, President of the Foundation Board<\/p>\n\n\n\n<p><strong>Commercial register entry<\/strong><\/p>\n\n\n\n<p>Registered company name: Next Generation Foundation<br>Commercial Register No: CHE-327.049.992<\/p>\n\n\n\n<p><strong>Disclaimer<\/strong><\/p>\n\n\n\n<p>The author accepts no liability whatsoever with regard to the correctness, accuracy, up-to-dateness, reliability and completeness of the information.<\/p>\n\n\n\n<p>Liability claims against the author for material or immaterial damage resulting from access to or use or non-use of the published information, misuse of the connection or technical faults are excluded.<\/p>\n\n\n\n<p>All offers are non-binding. The author expressly reserves the right to change, supplement or delete parts of the pages or the entire offer without special notice or to cease publication temporarily or permanently.<\/p>\n\n\n\n<p><strong>Disclaimer for links<\/strong><\/p>\n\n\n\n<p>References and links to third-party websites are outside our area of responsibility. Any responsibility for such websites is rejected. Access to and use of such websites is at the user's own risk.<\/p>\n\n\n\n<p><strong>Copyright<\/strong><\/p>\n\n\n\n<p>The copyright and all other rights to content, images, photos or other files on this website belong exclusively to <strong>of the legal entity Next Generation Foundation<\/strong> or the specifically named copyright holders. The written consent of the copyright holder must be obtained in advance for the reproduction of any elements.<\/p>\n\n\n\n<p><br>Source: <a rel=\"noreferrer noopener\" href=\"https:\/\/www.swissanwalt.ch\" target=\"_blank\">SwissAnwalt<\/a><\/p>","protected":false},"excerpt":{"rendered":"<p>Kontakt-Adresse Next Generation FoundationSchochem\u00fchlestrasse 46340 BaarSchweiz E-Mail: mv@nextgenerationfoundation.ch Vertretungsberechtigte Person(en) Manuel Vogel, Pr\u00e4sident des Stiftungsrates Handelsregister-Eintrag Eingetragener Firmenname: Next Generation FoundationHandelsregister Nr: CHE-327.049.992 Haftungsausschluss Der Autor \u00fcbernimmt keinerlei Gew\u00e4hr hinsichtlich der inhaltlichen Richtigkeit, Genauigkeit, Aktualit\u00e4t, Zuverl\u00e4ssigkeit und Vollst\u00e4ndigkeit der Informationen. Haftungsanspr\u00fcche gegen den Autor wegen Sch\u00e4den materieller oder immaterieller Art, welche aus dem Zugriff oder &hellip; <\/p>\n<p class=\"link-more\"><a href=\"https:\/\/nextgenerationfoundation.ch\/en\/impressum\/\" class=\"more-link\">Continue reading<span class=\"screen-reader-text\"> &#8222;Impressum&#8220;<\/span><\/a><\/p>","protected":false},"author":1,"featured_media":0,"parent":0,"menu_order":0,"comment_status":"closed","ping_status":"closed","template":"","meta":{"footnotes":""},"class_list":["post-74","page","type-page","status-publish","hentry","entry"],"_links":{"self":[{"href":"https:\/\/nextgenerationfoundation.ch\/en\/wp-json\/wp\/v2\/pages\/74","targetHints":{"allow":["GET"]}}],"collection":[{"href":"https:\/\/nextgenerationfoundation.ch\/en\/wp-json\/wp\/v2\/pages"}],"about":[{"href":"https:\/\/nextgenerationfoundation.ch\/en\/wp-json\/wp\/v2\/types\/page"}],"author":[{"embeddable":true,"href":"https:\/\/nextgenerationfoundation.ch\/en\/wp-json\/wp\/v2\/users\/1"}],"replies":[{"embeddable":true,"href":"https:\/\/nextgenerationfoundation.ch\/en\/wp-json\/wp\/v2\/comments?post=74"}],"version-history":[{"count":2,"href":"https:\/\/nextgenerationfoundation.ch\/en\/wp-json\/wp\/v2\/pages\/74\/revisions"}],"predecessor-version":[{"id":98,"href":"https:\/\/nextgenerationfoundation.ch\/en\/wp-json\/wp\/v2\/pages\/74\/revisions\/98"}],"wp:attachment":[{"href":"https:\/\/nextgenerationfoundation.ch\/en\/wp-json\/wp\/v2\/media?parent=74"}],"curies":[{"name":"wp","href":"https:\/\/api.w.org\/{rel}","templated":true}]}}