{"id":35,"date":"2020-11-20T18:37:11","date_gmt":"2020-11-20T17:37:11","guid":{"rendered":"http:\/\/nextgenerationfoundation.ch\/?page_id=35"},"modified":"2020-11-20T18:37:11","modified_gmt":"2020-11-20T17:37:11","slug":"wen-wir-foerdern","status":"publish","type":"page","link":"https:\/\/nextgenerationfoundation.ch\/en\/wen-wir-foerdern\/","title":{"rendered":"who we promote"},"content":{"rendered":"<p>By starting with young people with a migration background in Switzerland or young people in Third World countries, we can make the biggest difference. We look at projects in other countries, as long as the initiators are refugees from third world countries. We focus on the immediate living environment and the individual circumstances of each person. Our support is impact-oriented and sustainable, and we select our projects carefully.<\/p>","protected":false},"excerpt":{"rendered":"<p>Indem wir bei jungen Menschen mit Migrationshintergrund in der Schweiz oder jungen Menschen in L\u00e4ndern der Dritten Welt ansetzen, k\u00f6nnen wir den gr\u00f6\u00dften Unterschied bewirken. Projekte in anderen L\u00e4ndern schauen wir uns an, sofern es sich bei den Initiatoren um Gefl\u00fcchtete aus Drittweltl\u00e4ndern handelt. Wir konzentrieren uns auf das direkte Lebensumfeld und die individuelle Ebene &hellip; <\/p>\n<p class=\"link-more\"><a href=\"https:\/\/nextgenerationfoundation.ch\/en\/wen-wir-foerdern\/\" class=\"more-link\">Continue reading<span class=\"screen-reader-text\"> &#8222;wen wir f\u00f6rdern&#8220;<\/span><\/a><\/p>","protected":false},"author":1,"featured_media":0,"parent":0,"menu_order":0,"comment_status":"closed","ping_status":"closed","template":"","meta":{"footnotes":""},"class_list":["post-35","page","type-page","status-publish","hentry","entry"],"_links":{"self":[{"href":"https:\/\/nextgenerationfoundation.ch\/en\/wp-json\/wp\/v2\/pages\/35","targetHints":{"allow":["GET"]}}],"collection":[{"href":"https:\/\/nextgenerationfoundation.ch\/en\/wp-json\/wp\/v2\/pages"}],"about":[{"href":"https:\/\/nextgenerationfoundation.ch\/en\/wp-json\/wp\/v2\/types\/page"}],"author":[{"embeddable":true,"href":"https:\/\/nextgenerationfoundation.ch\/en\/wp-json\/wp\/v2\/users\/1"}],"replies":[{"embeddable":true,"href":"https:\/\/nextgenerationfoundation.ch\/en\/wp-json\/wp\/v2\/comments?post=35"}],"version-history":[{"count":1,"href":"https:\/\/nextgenerationfoundation.ch\/en\/wp-json\/wp\/v2\/pages\/35\/revisions"}],"predecessor-version":[{"id":36,"href":"https:\/\/nextgenerationfoundation.ch\/en\/wp-json\/wp\/v2\/pages\/35\/revisions\/36"}],"wp:attachment":[{"href":"https:\/\/nextgenerationfoundation.ch\/en\/wp-json\/wp\/v2\/media?parent=35"}],"curies":[{"name":"wp","href":"https:\/\/api.w.org\/{rel}","templated":true}]}}