{"id":172,"date":"2023-01-23T15:19:47","date_gmt":"2023-01-23T14:19:47","guid":{"rendered":"https:\/\/nextgenerationfoundation.ch\/?page_id=172"},"modified":"2023-03-06T14:47:39","modified_gmt":"2023-03-06T13:47:39","slug":"nepal-kinderhilfe-e-v","status":"publish","type":"page","link":"https:\/\/nextgenerationfoundation.ch\/en\/nepal-kinderhilfe-e-v\/","title":{"rendered":"Nepal Kinderhilfe e.V."},"content":{"rendered":"<p>As a non-profit organisation, <a href=\"https:\/\/www.nepalkinderhilfe.de\/aktuelles\" target=\"_blank\" rel=\"noreferrer noopener\">Nepal Kinderhilfe e.V.<\/a> has been supporting children in Nepal in their school education since 2005 by arranging school sponsorships: Sponsors pay for the school fees of a Nepalese child. Ideally, these sponsorships last for the entire ten or twelve years of schooling. The children proposed by the local partner organisations come from Kathmandu, from very remote regions in the Mount Everest area, from the Langtang Valley - which was hardest hit by the 2015 earthquake - or from the children's home in Chitwan, which exclusively houses street children.<\/p>\n\n\n\n<figure class=\"wp-block-image size-large\"><img loading=\"lazy\" decoding=\"async\" width=\"1024\" height=\"768\" src=\"https:\/\/nextgenerationfoundation.ch\/wp-content\/uploads\/2023\/01\/Bild-2-vier-Manushree-Kinder-1024x768.jpg\" alt=\"nextgenerationfoundation.ch - vier Manushree Kinder\" class=\"wp-image-191\" srcset=\"https:\/\/nextgenerationfoundation.ch\/wp-content\/uploads\/2023\/01\/Bild-2-vier-Manushree-Kinder-1024x768.jpg 1024w, https:\/\/nextgenerationfoundation.ch\/wp-content\/uploads\/2023\/01\/Bild-2-vier-Manushree-Kinder-300x225.jpg 300w, https:\/\/nextgenerationfoundation.ch\/wp-content\/uploads\/2023\/01\/Bild-2-vier-Manushree-Kinder-768x576.jpg 768w, https:\/\/nextgenerationfoundation.ch\/wp-content\/uploads\/2023\/01\/Bild-2-vier-Manushree-Kinder-1536x1152.jpg 1536w, https:\/\/nextgenerationfoundation.ch\/wp-content\/uploads\/2023\/01\/Bild-2-vier-Manushree-Kinder-1568x1176.jpg 1568w, https:\/\/nextgenerationfoundation.ch\/wp-content\/uploads\/2023\/01\/Bild-2-vier-Manushree-Kinder.jpg 2048w\" sizes=\"auto, (max-width: 1024px) 100vw, 1024px\" \/><\/figure>\n\n\n\n<p>Since 2022, Nepal Kinderhilfe e.V. has been working to support the children beyond the end of their school years and to offer them a perspective by developing concrete and meaningful education plans and providing financial support.<\/p>\n\n\n\n<p>Donations outside of the sponsorships are used to enable additional children to attend school, even if they cannot be assigned to a permanent sponsor.<\/p>\n\n\n\n<figure class=\"wp-block-image size-large\"><img loading=\"lazy\" decoding=\"async\" width=\"1024\" height=\"798\" src=\"https:\/\/nextgenerationfoundation.ch\/wp-content\/uploads\/2023\/01\/Bild-3-Urmila-003-1-1024x798.jpg\" alt=\"nextgenerationfoundation.ch - Urmila\" class=\"wp-image-179\" srcset=\"https:\/\/nextgenerationfoundation.ch\/wp-content\/uploads\/2023\/01\/Bild-3-Urmila-003-1-1024x798.jpg 1024w, https:\/\/nextgenerationfoundation.ch\/wp-content\/uploads\/2023\/01\/Bild-3-Urmila-003-1-300x234.jpg 300w, https:\/\/nextgenerationfoundation.ch\/wp-content\/uploads\/2023\/01\/Bild-3-Urmila-003-1-768x598.jpg 768w, https:\/\/nextgenerationfoundation.ch\/wp-content\/uploads\/2023\/01\/Bild-3-Urmila-003-1.jpg 1340w\" sizes=\"auto, (max-width: 1024px) 100vw, 1024px\" \/><\/figure>","protected":false},"excerpt":{"rendered":"<p>Als gemeinn\u00fctziger Verein unterst\u00fctzt Nepal Kinderhilfe e.V. seit 2005 Kinder in Nepal bei ihrer schulischen Ausbildung, indem er Schulpatenschaften vermittelt: Paten kommen f\u00fcr die Schulgeb\u00fchren eines nepalesischen Kindes auf. Idealerweise halten diese Patenschaften \u00fcber die gesamte Schulzeit von zehn oder zw\u00f6lf Jahren.\u00a0Die Kinder, die von den Partnerorganisationen vor Ort vorgeschlagen werden, stammen aus Kathmandu, aus &hellip; <\/p>\n<p class=\"link-more\"><a href=\"https:\/\/nextgenerationfoundation.ch\/en\/nepal-kinderhilfe-e-v\/\" class=\"more-link\">Continue reading<span class=\"screen-reader-text\"> &#8222;Nepal Kinderhilfe e.V.&#8220;<\/span><\/a><\/p>","protected":false},"author":1,"featured_media":0,"parent":0,"menu_order":0,"comment_status":"closed","ping_status":"closed","template":"","meta":{"footnotes":""},"class_list":["post-172","page","type-page","status-publish","hentry","entry"],"_links":{"self":[{"href":"https:\/\/nextgenerationfoundation.ch\/en\/wp-json\/wp\/v2\/pages\/172","targetHints":{"allow":["GET"]}}],"collection":[{"href":"https:\/\/nextgenerationfoundation.ch\/en\/wp-json\/wp\/v2\/pages"}],"about":[{"href":"https:\/\/nextgenerationfoundation.ch\/en\/wp-json\/wp\/v2\/types\/page"}],"author":[{"embeddable":true,"href":"https:\/\/nextgenerationfoundation.ch\/en\/wp-json\/wp\/v2\/users\/1"}],"replies":[{"embeddable":true,"href":"https:\/\/nextgenerationfoundation.ch\/en\/wp-json\/wp\/v2\/comments?post=172"}],"version-history":[{"count":10,"href":"https:\/\/nextgenerationfoundation.ch\/en\/wp-json\/wp\/v2\/pages\/172\/revisions"}],"predecessor-version":[{"id":220,"href":"https:\/\/nextgenerationfoundation.ch\/en\/wp-json\/wp\/v2\/pages\/172\/revisions\/220"}],"wp:attachment":[{"href":"https:\/\/nextgenerationfoundation.ch\/en\/wp-json\/wp\/v2\/media?parent=172"}],"curies":[{"name":"wp","href":"https:\/\/api.w.org\/{rel}","templated":true}]}}