{"id":37,"date":"2020-11-20T18:37:34","date_gmt":"2020-11-20T17:37:34","guid":{"rendered":"http:\/\/nextgenerationfoundation.ch\/?page_id=37"},"modified":"2023-05-26T14:02:05","modified_gmt":"2023-05-26T12:02:05","slug":"wie-du-dich-bewirbst","status":"publish","type":"page","link":"https:\/\/nextgenerationfoundation.ch\/de\/wie-du-dich-bewirbst\/","title":{"rendered":"wie du dich bewirbst"},"content":{"rendered":"\n<p>Interessiert? <\/p>\n\n\n\n<p>Sende uns dein Anschreiben, indem du deine Idee skizzierst und die Unterst\u00fctzung, die du dir von uns w\u00fcnscht. Wir melden uns nach Durchsicht deiner Unterlagen bei dir.<\/p>\n\n\n\n<p><strong>Kontakt-Adresse<\/strong><\/p>\n\n\n\n<p>Next Generation Foundation<br>Schochem\u00fchlestrasse 4<br>6340 Baar<br>Schweiz<\/p>\n\n\n\n<p>Tel: +41 700 90 13<\/p>\n\n\n\n<p><\/p>\n\n\n\n<p>Wir freuen uns, dich kennen zu lernen!<\/p>\n\n\n\n<p><\/p>\n","protected":false},"excerpt":{"rendered":"<p>Interessiert? Sende uns dein Anschreiben, indem du deine Idee skizzierst und die Unterst\u00fctzung, die du dir von uns w\u00fcnscht. Wir melden uns nach Durchsicht deiner Unterlagen bei dir. Kontakt-Adresse Next Generation FoundationSchochem\u00fchlestrasse 46340 BaarSchweiz Tel: +41 700 90 13 Wir freuen uns, dich kennen zu lernen!<\/p>\n","protected":false},"author":1,"featured_media":0,"parent":0,"menu_order":0,"comment_status":"closed","ping_status":"closed","template":"","meta":{"footnotes":""},"class_list":["post-37","page","type-page","status-publish","hentry","entry"],"_links":{"self":[{"href":"https:\/\/nextgenerationfoundation.ch\/de\/wp-json\/wp\/v2\/pages\/37","targetHints":{"allow":["GET"]}}],"collection":[{"href":"https:\/\/nextgenerationfoundation.ch\/de\/wp-json\/wp\/v2\/pages"}],"about":[{"href":"https:\/\/nextgenerationfoundation.ch\/de\/wp-json\/wp\/v2\/types\/page"}],"author":[{"embeddable":true,"href":"https:\/\/nextgenerationfoundation.ch\/de\/wp-json\/wp\/v2\/users\/1"}],"replies":[{"embeddable":true,"href":"https:\/\/nextgenerationfoundation.ch\/de\/wp-json\/wp\/v2\/comments?post=37"}],"version-history":[{"count":9,"href":"https:\/\/nextgenerationfoundation.ch\/de\/wp-json\/wp\/v2\/pages\/37\/revisions"}],"predecessor-version":[{"id":230,"href":"https:\/\/nextgenerationfoundation.ch\/de\/wp-json\/wp\/v2\/pages\/37\/revisions\/230"}],"wp:attachment":[{"href":"https:\/\/nextgenerationfoundation.ch\/de\/wp-json\/wp\/v2\/media?parent=37"}],"curies":[{"name":"wp","href":"https:\/\/api.w.org\/{rel}","templated":true}]}}