{"id":33,"date":"2020-11-20T18:36:46","date_gmt":"2020-11-20T17:36:46","guid":{"rendered":"http:\/\/nextgenerationfoundation.ch\/?page_id=33"},"modified":"2020-11-20T18:36:46","modified_gmt":"2020-11-20T17:36:46","slug":"wofuer-wir-stehen","status":"publish","type":"page","link":"https:\/\/nextgenerationfoundation.ch\/de\/wofuer-wir-stehen\/","title":{"rendered":"wof\u00fcr wir stehen"},"content":{"rendered":"\n<p>Jeder Mensch besitzt die n\u00f6tigen F\u00e4higkeiten und bekommt die Chance, sein Leben eigenst\u00e4ndig positiv zu formen und zu gestalten. Manchmal fehlt dazu nur ein kleiner Ansto\u00df. Wir wollen diesen jungen Menschen helfen, ihr Leben selbst\u00e4ndig und erfolgreich in ihrem eigenen Sinne zu gestalten. Dies geschieht vor allem, indem sie eine Gesch\u00e4ftsidee entwickeln, durchdenken und fokussiert umsetzen. Unternehmerisch t\u00e4tig zu werden unterst\u00fctzt sie dabei, Risiken einsch\u00e4tzen zu lernen und dementsprechend ihre Handlungen ad\u00e4quat abzustimmen. Sie entdecken ihre eigenen F\u00e4higkeiten, m\u00fcssen diese weiterentwickeln und k\u00f6nnen schlie\u00dflich aus eigener Kraft Verantwortung f\u00fcr sich und ihr Umfeld \u00fcbernehmen. Damit nehmen sie ihr Leben mehr und mehr selbst in die Hand. Und gewinnen mehr und mehr Selbstvertrauen. Ihre Lebensqualit\u00e4t verbessert sich.<\/p>\n","protected":false},"excerpt":{"rendered":"<p>Jeder Mensch besitzt die n\u00f6tigen F\u00e4higkeiten und bekommt die Chance, sein Leben eigenst\u00e4ndig positiv zu formen und zu gestalten. Manchmal fehlt dazu nur ein kleiner Ansto\u00df. Wir wollen diesen jungen Menschen helfen, ihr Leben selbst\u00e4ndig und erfolgreich in ihrem eigenen Sinne zu gestalten. Dies geschieht vor allem, indem sie eine Gesch\u00e4ftsidee entwickeln, durchdenken und fokussiert &hellip; <\/p>\n<p class=\"link-more\"><a href=\"https:\/\/nextgenerationfoundation.ch\/de\/wofuer-wir-stehen\/\" class=\"more-link\"><span class=\"screen-reader-text\">\u201ewof\u00fcr wir stehen\u201c<\/span> weiterlesen<\/a><\/p>\n","protected":false},"author":1,"featured_media":0,"parent":0,"menu_order":0,"comment_status":"closed","ping_status":"closed","template":"","meta":{"footnotes":""},"class_list":["post-33","page","type-page","status-publish","hentry","entry"],"_links":{"self":[{"href":"https:\/\/nextgenerationfoundation.ch\/de\/wp-json\/wp\/v2\/pages\/33","targetHints":{"allow":["GET"]}}],"collection":[{"href":"https:\/\/nextgenerationfoundation.ch\/de\/wp-json\/wp\/v2\/pages"}],"about":[{"href":"https:\/\/nextgenerationfoundation.ch\/de\/wp-json\/wp\/v2\/types\/page"}],"author":[{"embeddable":true,"href":"https:\/\/nextgenerationfoundation.ch\/de\/wp-json\/wp\/v2\/users\/1"}],"replies":[{"embeddable":true,"href":"https:\/\/nextgenerationfoundation.ch\/de\/wp-json\/wp\/v2\/comments?post=33"}],"version-history":[{"count":1,"href":"https:\/\/nextgenerationfoundation.ch\/de\/wp-json\/wp\/v2\/pages\/33\/revisions"}],"predecessor-version":[{"id":34,"href":"https:\/\/nextgenerationfoundation.ch\/de\/wp-json\/wp\/v2\/pages\/33\/revisions\/34"}],"wp:attachment":[{"href":"https:\/\/nextgenerationfoundation.ch\/de\/wp-json\/wp\/v2\/media?parent=33"}],"curies":[{"name":"wp","href":"https:\/\/api.w.org\/{rel}","templated":true}]}}