{"id":29,"date":"2020-11-20T18:33:15","date_gmt":"2020-11-20T17:33:15","guid":{"rendered":"http:\/\/nextgenerationfoundation.ch\/?page_id=29"},"modified":"2020-11-20T18:36:24","modified_gmt":"2020-11-20T17:36:24","slug":"wer-wir-sind","status":"publish","type":"page","link":"https:\/\/nextgenerationfoundation.ch\/de\/wer-wir-sind\/","title":{"rendered":"wer wir sind"},"content":{"rendered":"\n<p>Wir sind eine gemeinn\u00fctzige Stiftung, die jungen Menschen in herausfordernden Lebensumst\u00e4nden zur Seite steht und bef\u00e4higt, ihr Leben positiv zu formen und eigenst\u00e4ndig zu gestalten. Unser Fokus liegt auf jungen Menschen mit Migrationshintergrund in der Schweiz und auf jungen Menschen in den L\u00e4ndern der Dritten Welt.<\/p>\n","protected":false},"excerpt":{"rendered":"<p>Wir sind eine gemeinn\u00fctzige Stiftung, die jungen Menschen in herausfordernden Lebensumst\u00e4nden zur Seite steht und bef\u00e4higt, ihr Leben positiv zu formen und eigenst\u00e4ndig zu gestalten. Unser Fokus liegt auf jungen Menschen mit Migrationshintergrund in der Schweiz und auf jungen Menschen in den L\u00e4ndern der Dritten Welt.<\/p>\n","protected":false},"author":1,"featured_media":0,"parent":0,"menu_order":0,"comment_status":"closed","ping_status":"closed","template":"","meta":{"footnotes":""},"class_list":["post-29","page","type-page","status-publish","hentry","entry"],"_links":{"self":[{"href":"https:\/\/nextgenerationfoundation.ch\/de\/wp-json\/wp\/v2\/pages\/29","targetHints":{"allow":["GET"]}}],"collection":[{"href":"https:\/\/nextgenerationfoundation.ch\/de\/wp-json\/wp\/v2\/pages"}],"about":[{"href":"https:\/\/nextgenerationfoundation.ch\/de\/wp-json\/wp\/v2\/types\/page"}],"author":[{"embeddable":true,"href":"https:\/\/nextgenerationfoundation.ch\/de\/wp-json\/wp\/v2\/users\/1"}],"replies":[{"embeddable":true,"href":"https:\/\/nextgenerationfoundation.ch\/de\/wp-json\/wp\/v2\/comments?post=29"}],"version-history":[{"count":2,"href":"https:\/\/nextgenerationfoundation.ch\/de\/wp-json\/wp\/v2\/pages\/29\/revisions"}],"predecessor-version":[{"id":32,"href":"https:\/\/nextgenerationfoundation.ch\/de\/wp-json\/wp\/v2\/pages\/29\/revisions\/32"}],"wp:attachment":[{"href":"https:\/\/nextgenerationfoundation.ch\/de\/wp-json\/wp\/v2\/media?parent=29"}],"curies":[{"name":"wp","href":"https:\/\/api.w.org\/{rel}","templated":true}]}}