{"id":174,"date":"2023-01-23T15:18:43","date_gmt":"2023-01-23T14:18:43","guid":{"rendered":"https:\/\/nextgenerationfoundation.ch\/?page_id=174"},"modified":"2023-03-06T14:48:00","modified_gmt":"2023-03-06T13:48:00","slug":"hamromaya-nepal-e-v","status":"publish","type":"page","link":"https:\/\/nextgenerationfoundation.ch\/de\/hamromaya-nepal-e-v\/","title":{"rendered":"hamromaya Nepal e.V."},"content":{"rendered":"\n<p>Bed\u00fcrftige Menschen in Nepal erfahren seit 2012 von <a href=\"https:\/\/www.hamromaya-nepal.de\/unsere-partner\/nextgenerationfoundation\/\" target=\"_blank\" rel=\"noreferrer noopener\">hamromaya<\/a><a rel=\"noreferrer noopener\" href=\"https:\/\/www.hamromaya-nepal.de\/\" target=\"_blank\"> e.V.<\/a>, Frankfurt, Unterst\u00fctzung. Kinder und junge Menschen erhalten nicht nur kostenfreie Bildung, sondern auch eine sichere Unterkunft, ausgewogener Ern\u00e4hrung, Zugang zu sauberem Trinkwasser und medizinische Versorgung.<\/p>\n\n\n\n<p>Konkret k\u00fcmmert sich hamromaya Nepal e.V. bspw seit 2013 um das k\u00f6rperliche und seelische Wohlergehen der Bewohner eines Behindertenheims in Kathmandu, in dem Kinder und Erwachsene wohnen.<br>2016 wurde das Projekt \u201eEine Schultasche f\u00fcr jedes Kind\u201c gestartet, bei dem der Verein Kinder in entlegenen Regionen Nepals mit Schultaschen und Schulsachen ausstattet, da dort die Schulkinder auf ihren langen und m\u00fchsamen Schulwegen ihre B\u00fccher zumeist unterm Arm oder in Plastikt\u00fcten tragen.<\/p>\n\n\n\n<figure class=\"wp-block-image size-large\"><img loading=\"lazy\" decoding=\"async\" width=\"1024\" height=\"682\" src=\"https:\/\/nextgenerationfoundation.ch\/wp-content\/uploads\/2023\/01\/DSC04894-002.jpg\" alt=\"nextgenerationfoundation.ch - Eine Schultasche f\u00fcr jedes Kind\" class=\"wp-image-176\" srcset=\"https:\/\/nextgenerationfoundation.ch\/wp-content\/uploads\/2023\/01\/DSC04894-002.jpg 1024w, https:\/\/nextgenerationfoundation.ch\/wp-content\/uploads\/2023\/01\/DSC04894-002-300x200.jpg 300w, https:\/\/nextgenerationfoundation.ch\/wp-content\/uploads\/2023\/01\/DSC04894-002-768x512.jpg 768w\" sizes=\"auto, (max-width: 1024px) 100vw, 1024px\" \/><\/figure>\n\n\n\n<p><br>Durch verschmutztes Wasser hervorgerufene Infektionskrankheiten werden seit 2019 aktiv bek\u00e4mpft, als hamromaya e.V. begann, die Trinkwasserversorgung in den l\u00e4ndlichen Regionen und damit auch die Lebensbedingungen f\u00fcr die Menschen in den D\u00f6rfern zu verbessern.<br>Mit seinen regelm\u00e4\u00dfig organisierten Medical- und Dental-Camps in l\u00e4ndlichen Regionen erm\u00f6glicht hamromaya Nepal e.V. vor allem \u00e4lteren Menschen \u00e4rztliche Behandlungen und Zugang zu Medikamenten, der ihnen sonst verwehrt w\u00e4re.<\/p>\n\n\n\n<figure class=\"wp-block-image size-full\"><img loading=\"lazy\" decoding=\"async\" width=\"1024\" height=\"682\" src=\"https:\/\/nextgenerationfoundation.ch\/wp-content\/uploads\/2023\/01\/medical-camp_kavre-2019-35.jpg\" alt=\"nextgenerationfoundation.ch - medical camp kavre 2019\" class=\"wp-image-196\" srcset=\"https:\/\/nextgenerationfoundation.ch\/wp-content\/uploads\/2023\/01\/medical-camp_kavre-2019-35.jpg 1024w, https:\/\/nextgenerationfoundation.ch\/wp-content\/uploads\/2023\/01\/medical-camp_kavre-2019-35-300x200.jpg 300w, https:\/\/nextgenerationfoundation.ch\/wp-content\/uploads\/2023\/01\/medical-camp_kavre-2019-35-768x512.jpg 768w\" sizes=\"auto, (max-width: 1024px) 100vw, 1024px\" \/><\/figure>\n\n\n\n<p>Die \u00dcbernahme von Bildungspatenschaften sowie die akute Nothilfe bei extremen Ereignissen wie bspw. Erdbeben (2015 im Langtang Tal; Corona-Krise) komplettieren das aktuelle Projektportfolio des Vereins.<br>hamromaya Nepal e.V. wird vollkommen ehrenamtlich und unentgeltlich gef\u00fchrt, sodass s\u00e4mtliche Spenden zu 100% die verschiedenen Projekte des Vereins erreichen. <\/p>\n","protected":false},"excerpt":{"rendered":"<p>Bed\u00fcrftige Menschen in Nepal erfahren seit 2012 von hamromaya e.V., Frankfurt, Unterst\u00fctzung. Kinder und junge Menschen erhalten nicht nur kostenfreie Bildung, sondern auch eine sichere Unterkunft, ausgewogener Ern\u00e4hrung, Zugang zu sauberem Trinkwasser und medizinische Versorgung. Konkret k\u00fcmmert sich hamromaya Nepal e.V. bspw seit 2013 um das k\u00f6rperliche und seelische Wohlergehen der Bewohner eines Behindertenheims in &hellip; <\/p>\n<p class=\"link-more\"><a href=\"https:\/\/nextgenerationfoundation.ch\/de\/hamromaya-nepal-e-v\/\" class=\"more-link\"><span class=\"screen-reader-text\">\u201ehamromaya Nepal e.V.\u201c<\/span> weiterlesen<\/a><\/p>\n","protected":false},"author":1,"featured_media":0,"parent":0,"menu_order":0,"comment_status":"closed","ping_status":"closed","template":"","meta":{"footnotes":""},"class_list":["post-174","page","type-page","status-publish","hentry","entry"],"_links":{"self":[{"href":"https:\/\/nextgenerationfoundation.ch\/de\/wp-json\/wp\/v2\/pages\/174","targetHints":{"allow":["GET"]}}],"collection":[{"href":"https:\/\/nextgenerationfoundation.ch\/de\/wp-json\/wp\/v2\/pages"}],"about":[{"href":"https:\/\/nextgenerationfoundation.ch\/de\/wp-json\/wp\/v2\/types\/page"}],"author":[{"embeddable":true,"href":"https:\/\/nextgenerationfoundation.ch\/de\/wp-json\/wp\/v2\/users\/1"}],"replies":[{"embeddable":true,"href":"https:\/\/nextgenerationfoundation.ch\/de\/wp-json\/wp\/v2\/comments?post=174"}],"version-history":[{"count":10,"href":"https:\/\/nextgenerationfoundation.ch\/de\/wp-json\/wp\/v2\/pages\/174\/revisions"}],"predecessor-version":[{"id":221,"href":"https:\/\/nextgenerationfoundation.ch\/de\/wp-json\/wp\/v2\/pages\/174\/revisions\/221"}],"wp:attachment":[{"href":"https:\/\/nextgenerationfoundation.ch\/de\/wp-json\/wp\/v2\/media?parent=174"}],"curies":[{"name":"wp","href":"https:\/\/api.w.org\/{rel}","templated":true}]}}