{"id":172,"date":"2023-01-23T15:19:47","date_gmt":"2023-01-23T14:19:47","guid":{"rendered":"https:\/\/nextgenerationfoundation.ch\/?page_id=172"},"modified":"2023-03-06T14:47:39","modified_gmt":"2023-03-06T13:47:39","slug":"nepal-kinderhilfe-e-v","status":"publish","type":"page","link":"https:\/\/nextgenerationfoundation.ch\/de\/nepal-kinderhilfe-e-v\/","title":{"rendered":"Nepal Kinderhilfe e.V."},"content":{"rendered":"\n<p>Als gemeinn\u00fctziger Verein unterst\u00fctzt <a href=\"https:\/\/www.nepalkinderhilfe.de\/aktuelles\" target=\"_blank\" rel=\"noreferrer noopener\">Nepal Kinderhilfe e.V.<\/a> seit 2005 Kinder in Nepal bei ihrer schulischen Ausbildung, indem er Schulpatenschaften vermittelt: Paten kommen f\u00fcr die Schulgeb\u00fchren eines nepalesischen Kindes auf. Idealerweise halten diese Patenschaften \u00fcber die gesamte Schulzeit von zehn oder zw\u00f6lf Jahren.\u00a0Die Kinder, die von den Partnerorganisationen vor Ort vorgeschlagen werden, stammen aus Kathmandu, aus sehr abgelegenen Regionen im Mount-Everest-Gebiet, aus dem Langtang-Tal &#8211; das von dem Erdbeben 2015 am heftigsten betroffen war &#8211; oder aus dem Kinderheim in Chitwan, in dem ausschlie\u00dflich Stra\u00dfenkinder untergebracht sind.<\/p>\n\n\n\n<figure class=\"wp-block-image size-large\"><img loading=\"lazy\" decoding=\"async\" width=\"1024\" height=\"768\" src=\"https:\/\/nextgenerationfoundation.ch\/wp-content\/uploads\/2023\/01\/Bild-2-vier-Manushree-Kinder-1024x768.jpg\" alt=\"nextgenerationfoundation.ch - vier Manushree Kinder\" class=\"wp-image-191\" srcset=\"https:\/\/nextgenerationfoundation.ch\/wp-content\/uploads\/2023\/01\/Bild-2-vier-Manushree-Kinder-1024x768.jpg 1024w, https:\/\/nextgenerationfoundation.ch\/wp-content\/uploads\/2023\/01\/Bild-2-vier-Manushree-Kinder-300x225.jpg 300w, https:\/\/nextgenerationfoundation.ch\/wp-content\/uploads\/2023\/01\/Bild-2-vier-Manushree-Kinder-768x576.jpg 768w, https:\/\/nextgenerationfoundation.ch\/wp-content\/uploads\/2023\/01\/Bild-2-vier-Manushree-Kinder-1536x1152.jpg 1536w, https:\/\/nextgenerationfoundation.ch\/wp-content\/uploads\/2023\/01\/Bild-2-vier-Manushree-Kinder-1568x1176.jpg 1568w, https:\/\/nextgenerationfoundation.ch\/wp-content\/uploads\/2023\/01\/Bild-2-vier-Manushree-Kinder.jpg 2048w\" sizes=\"auto, (max-width: 1024px) 100vw, 1024px\" \/><\/figure>\n\n\n\n<p>Seit 2022 arbeitet Nepal Kinderhilfe e.V. daran, die Kinder \u00fcber das Ende ihrer Schulzeit hinaus zu f\u00f6rdern und eine Perspektive zu bieten, indem er konkrete und sinnvolle Ausbildungspl\u00e4ne erarbeitet und finanziell unterst\u00fctzt.<\/p>\n\n\n\n<p>Spenden au\u00dferhalb der Patenschaften werden aufgewendet, um weiteren Kindern den Schulbesuch zu erm\u00f6glichen, auch wenn diese keinem festen Paten zugeordnet werden k\u00f6nnen.<\/p>\n\n\n\n<figure class=\"wp-block-image size-large\"><img loading=\"lazy\" decoding=\"async\" width=\"1024\" height=\"798\" src=\"https:\/\/nextgenerationfoundation.ch\/wp-content\/uploads\/2023\/01\/Bild-3-Urmila-003-1-1024x798.jpg\" alt=\"nextgenerationfoundation.ch - Urmila\" class=\"wp-image-179\" srcset=\"https:\/\/nextgenerationfoundation.ch\/wp-content\/uploads\/2023\/01\/Bild-3-Urmila-003-1-1024x798.jpg 1024w, https:\/\/nextgenerationfoundation.ch\/wp-content\/uploads\/2023\/01\/Bild-3-Urmila-003-1-300x234.jpg 300w, https:\/\/nextgenerationfoundation.ch\/wp-content\/uploads\/2023\/01\/Bild-3-Urmila-003-1-768x598.jpg 768w, https:\/\/nextgenerationfoundation.ch\/wp-content\/uploads\/2023\/01\/Bild-3-Urmila-003-1.jpg 1340w\" sizes=\"auto, (max-width: 1024px) 100vw, 1024px\" \/><\/figure>\n","protected":false},"excerpt":{"rendered":"<p>Als gemeinn\u00fctziger Verein unterst\u00fctzt Nepal Kinderhilfe e.V. seit 2005 Kinder in Nepal bei ihrer schulischen Ausbildung, indem er Schulpatenschaften vermittelt: Paten kommen f\u00fcr die Schulgeb\u00fchren eines nepalesischen Kindes auf. Idealerweise halten diese Patenschaften \u00fcber die gesamte Schulzeit von zehn oder zw\u00f6lf Jahren.\u00a0Die Kinder, die von den Partnerorganisationen vor Ort vorgeschlagen werden, stammen aus Kathmandu, aus &hellip; <\/p>\n<p class=\"link-more\"><a href=\"https:\/\/nextgenerationfoundation.ch\/de\/nepal-kinderhilfe-e-v\/\" class=\"more-link\"><span class=\"screen-reader-text\">\u201eNepal Kinderhilfe e.V.\u201c<\/span> weiterlesen<\/a><\/p>\n","protected":false},"author":1,"featured_media":0,"parent":0,"menu_order":0,"comment_status":"closed","ping_status":"closed","template":"","meta":{"footnotes":""},"class_list":["post-172","page","type-page","status-publish","hentry","entry"],"_links":{"self":[{"href":"https:\/\/nextgenerationfoundation.ch\/de\/wp-json\/wp\/v2\/pages\/172","targetHints":{"allow":["GET"]}}],"collection":[{"href":"https:\/\/nextgenerationfoundation.ch\/de\/wp-json\/wp\/v2\/pages"}],"about":[{"href":"https:\/\/nextgenerationfoundation.ch\/de\/wp-json\/wp\/v2\/types\/page"}],"author":[{"embeddable":true,"href":"https:\/\/nextgenerationfoundation.ch\/de\/wp-json\/wp\/v2\/users\/1"}],"replies":[{"embeddable":true,"href":"https:\/\/nextgenerationfoundation.ch\/de\/wp-json\/wp\/v2\/comments?post=172"}],"version-history":[{"count":10,"href":"https:\/\/nextgenerationfoundation.ch\/de\/wp-json\/wp\/v2\/pages\/172\/revisions"}],"predecessor-version":[{"id":220,"href":"https:\/\/nextgenerationfoundation.ch\/de\/wp-json\/wp\/v2\/pages\/172\/revisions\/220"}],"wp:attachment":[{"href":"https:\/\/nextgenerationfoundation.ch\/de\/wp-json\/wp\/v2\/media?parent=172"}],"curies":[{"name":"wp","href":"https:\/\/api.w.org\/{rel}","templated":true}]}}