{"id":127,"date":"2020-12-04T19:30:24","date_gmt":"2020-12-04T18:30:24","guid":{"rendered":"http:\/\/nextgenerationfoundation.ch\/?page_id=127"},"modified":"2020-12-04T19:30:24","modified_gmt":"2020-12-04T18:30:24","slug":"avicenna","status":"publish","type":"page","link":"https:\/\/nextgenerationfoundation.ch\/de\/avicenna\/","title":{"rendered":"avicenna"},"content":{"rendered":"\n<p>Avicenna hat in der Region Izmir in der Westt\u00fcrkei eine Schule f\u00fcr Syrische Fl\u00fcchtlingskinder aufgebaut. Die meisten Fl\u00fcchtlingsfamilien leben in Lagern ohne konstanten Zugang zu Gesundheits- und Bildungsangeboten. Die Chance dieser Kinder, dass sie in den n\u00e4chsten Jahren in ein funktionierendes Bildungssystem tendieren gegen Null und ohne Unterst\u00fctzung w\u00fcrde eine verlorene Generation heranwachsen. Lernen erh\u00f6ht die Lebensqualit\u00e4t aller im Lager f\u00fcr alle Bewohner. Das Konfliktpotential ist geringer, soziale Strukturen verbessern sich und den Fl\u00fcchtlingen f\u00e4llt es leichter, sich zu integrieren und an ihr Umfeld und die gesellschaftlichen Strukturen ihres Gastlandes anzupassen. Die Schule wird t\u00e4glich von einem avicenna Team besucht, die bei Schwierigkeiten vermittelnd eingreifen k\u00f6nnen. Die Zahl der Sch\u00fcler nimmt stetig zu und die Zahl derer, die die Pr\u00fcfungen bestehen ebenso.<\/p>\n\n\n\n<figure class=\"wp-block-image size-large\"><img loading=\"lazy\" decoding=\"async\" width=\"1024\" height=\"576\" src=\"http:\/\/nextgenerationfoundation.ch\/wp-content\/uploads\/2020\/12\/PHOTO-2020-03-08-22-05-24-2-1024x576.jpg\" alt=\"\" class=\"wp-image-129\" srcset=\"https:\/\/nextgenerationfoundation.ch\/wp-content\/uploads\/2020\/12\/PHOTO-2020-03-08-22-05-24-2-1024x576.jpg 1024w, https:\/\/nextgenerationfoundation.ch\/wp-content\/uploads\/2020\/12\/PHOTO-2020-03-08-22-05-24-2-300x169.jpg 300w, https:\/\/nextgenerationfoundation.ch\/wp-content\/uploads\/2020\/12\/PHOTO-2020-03-08-22-05-24-2-768x432.jpg 768w, https:\/\/nextgenerationfoundation.ch\/wp-content\/uploads\/2020\/12\/PHOTO-2020-03-08-22-05-24-2.jpg 1500w\" sizes=\"auto, (max-width: 1024px) 100vw, 1024px\" \/><\/figure>\n","protected":false},"excerpt":{"rendered":"<p>Avicenna hat in der Region Izmir in der Westt\u00fcrkei eine Schule f\u00fcr Syrische Fl\u00fcchtlingskinder aufgebaut. Die meisten Fl\u00fcchtlingsfamilien leben in Lagern ohne konstanten Zugang zu Gesundheits- und Bildungsangeboten. Die Chance dieser Kinder, dass sie in den n\u00e4chsten Jahren in ein funktionierendes Bildungssystem tendieren gegen Null und ohne Unterst\u00fctzung w\u00fcrde eine verlorene Generation heranwachsen. Lernen erh\u00f6ht &hellip; <\/p>\n<p class=\"link-more\"><a href=\"https:\/\/nextgenerationfoundation.ch\/de\/avicenna\/\" class=\"more-link\"><span class=\"screen-reader-text\">\u201eavicenna\u201c<\/span> weiterlesen<\/a><\/p>\n","protected":false},"author":1,"featured_media":0,"parent":0,"menu_order":0,"comment_status":"closed","ping_status":"closed","template":"","meta":{"footnotes":""},"class_list":["post-127","page","type-page","status-publish","hentry","entry"],"_links":{"self":[{"href":"https:\/\/nextgenerationfoundation.ch\/de\/wp-json\/wp\/v2\/pages\/127","targetHints":{"allow":["GET"]}}],"collection":[{"href":"https:\/\/nextgenerationfoundation.ch\/de\/wp-json\/wp\/v2\/pages"}],"about":[{"href":"https:\/\/nextgenerationfoundation.ch\/de\/wp-json\/wp\/v2\/types\/page"}],"author":[{"embeddable":true,"href":"https:\/\/nextgenerationfoundation.ch\/de\/wp-json\/wp\/v2\/users\/1"}],"replies":[{"embeddable":true,"href":"https:\/\/nextgenerationfoundation.ch\/de\/wp-json\/wp\/v2\/comments?post=127"}],"version-history":[{"count":1,"href":"https:\/\/nextgenerationfoundation.ch\/de\/wp-json\/wp\/v2\/pages\/127\/revisions"}],"predecessor-version":[{"id":131,"href":"https:\/\/nextgenerationfoundation.ch\/de\/wp-json\/wp\/v2\/pages\/127\/revisions\/131"}],"wp:attachment":[{"href":"https:\/\/nextgenerationfoundation.ch\/de\/wp-json\/wp\/v2\/media?parent=127"}],"curies":[{"name":"wp","href":"https:\/\/api.w.org\/{rel}","templated":true}]}}