{"id":123,"date":"2020-12-04T19:12:09","date_gmt":"2020-12-04T18:12:09","guid":{"rendered":"http:\/\/nextgenerationfoundation.ch\/?page_id=123"},"modified":"2020-12-04T19:12:09","modified_gmt":"2020-12-04T18:12:09","slug":"spectrum-mobil","status":"publish","type":"page","link":"https:\/\/nextgenerationfoundation.ch\/de\/spectrum-mobil\/","title":{"rendered":"spectrum mobil"},"content":{"rendered":"\n<p>spectrum e.V. ist ein gemeinn\u00fctziger Verein, der seit 30 Jahren Menschen mit multiplen Vermittlungshemmnissen betreut. Der Verein steht nicht in Konkurrenz zur freien Wirtschaft, jedoch sind die F\u00f6rderma\u00dfnahmen im \u00f6ffentlichen Interesse: gesellschaftliche Folgekosten gilt es zu vermeiden, und Integrationsma\u00dfnahmen d\u00fcrfen keinesfalls Arbeitspl\u00e4tze in der freien Wirtschaft vernichten.<br>Die Gefl\u00fcchteten, die je nach Kooperationsunternehmen in verschiedenen Ma\u00dfnahmen im technischen Bereich untergebracht sind, erhalten ein kombiniertes Ausbildungs- und Sprachprogramm und d\u00fcrfen maximal f\u00fcnf Stunden pro Tag arbeiten. Sie sollen wieder voll besch\u00e4ftigungsf\u00e4hig werden bzw. bleiben und werden deshalb in ihrer t\u00e4glichen Praxisroutine trainiert und weiterentwickelt. Sie erhalten ein Taschengeld von 2-3 Euro pro Stunde, da es sich um eine F\u00f6rderma\u00dfnahme und nicht um eine \u201eArbeitsstelle\u201c handelt. S\u00e4mtliche Ma\u00dfnahmen bestehen aus drei Modulen: einer Einstiegs- bzw. Orientierungsphase, die acht Monate dauert, einer Qualifikationsphase als Helfer, die vier bis sechs Monate dauert und im Anschluss daran einer Ausbildung zu einem technischen Beruf, die noch einmal zwei bis drei Jahre dauert. Es schlie\u00dfen in der Regel nicht alle Teilnehmer ab, die Erfolgsquote derer, die eine abgeschlossene Ausbildung vorweisen k\u00f6nnen liegt bei ca. 70-80%.<\/p>\n","protected":false},"excerpt":{"rendered":"<p>spectrum e.V. ist ein gemeinn\u00fctziger Verein, der seit 30 Jahren Menschen mit multiplen Vermittlungshemmnissen betreut. Der Verein steht nicht in Konkurrenz zur freien Wirtschaft, jedoch sind die F\u00f6rderma\u00dfnahmen im \u00f6ffentlichen Interesse: gesellschaftliche Folgekosten gilt es zu vermeiden, und Integrationsma\u00dfnahmen d\u00fcrfen keinesfalls Arbeitspl\u00e4tze in der freien Wirtschaft vernichten.Die Gefl\u00fcchteten, die je nach Kooperationsunternehmen in verschiedenen Ma\u00dfnahmen &hellip; <\/p>\n<p class=\"link-more\"><a href=\"https:\/\/nextgenerationfoundation.ch\/de\/spectrum-mobil\/\" class=\"more-link\"><span class=\"screen-reader-text\">\u201espectrum mobil\u201c<\/span> weiterlesen<\/a><\/p>\n","protected":false},"author":1,"featured_media":0,"parent":0,"menu_order":0,"comment_status":"closed","ping_status":"closed","template":"","meta":{"footnotes":""},"class_list":["post-123","page","type-page","status-publish","hentry","entry"],"_links":{"self":[{"href":"https:\/\/nextgenerationfoundation.ch\/de\/wp-json\/wp\/v2\/pages\/123","targetHints":{"allow":["GET"]}}],"collection":[{"href":"https:\/\/nextgenerationfoundation.ch\/de\/wp-json\/wp\/v2\/pages"}],"about":[{"href":"https:\/\/nextgenerationfoundation.ch\/de\/wp-json\/wp\/v2\/types\/page"}],"author":[{"embeddable":true,"href":"https:\/\/nextgenerationfoundation.ch\/de\/wp-json\/wp\/v2\/users\/1"}],"replies":[{"embeddable":true,"href":"https:\/\/nextgenerationfoundation.ch\/de\/wp-json\/wp\/v2\/comments?post=123"}],"version-history":[{"count":1,"href":"https:\/\/nextgenerationfoundation.ch\/de\/wp-json\/wp\/v2\/pages\/123\/revisions"}],"predecessor-version":[{"id":124,"href":"https:\/\/nextgenerationfoundation.ch\/de\/wp-json\/wp\/v2\/pages\/123\/revisions\/124"}],"wp:attachment":[{"href":"https:\/\/nextgenerationfoundation.ch\/de\/wp-json\/wp\/v2\/media?parent=123"}],"curies":[{"name":"wp","href":"https:\/\/api.w.org\/{rel}","templated":true}]}}