{"id":45,"date":"2020-11-20T18:42:28","date_gmt":"2020-11-20T17:42:28","guid":{"rendered":"http:\/\/nextgenerationfoundation.ch\/?page_id=45"},"modified":"2020-12-04T19:15:40","modified_gmt":"2020-12-04T18:15:40","slug":"nextgenerationfoundation","status":"publish","type":"page","link":"http:\/\/nextgenerationfoundation.ch\/en\/","title":{"rendered":"nextgenerationfoundation"},"content":{"rendered":"<div class=\"wp-block-columns is-layout-flex wp-container-core-columns-is-layout-9d6595d7 wp-block-columns-is-layout-flex\">\n<div class=\"wp-block-column is-layout-flow wp-block-column-is-layout-flow\" style=\"flex-basis:33.33%\">\n<figure class=\"wp-block-image size-large\"><img loading=\"lazy\" decoding=\"async\" width=\"200\" height=\"200\" src=\"http:\/\/nextgenerationfoundation.ch\/wp-content\/uploads\/2020\/11\/ngf-logo-200-200.jpg\" alt=\"Logo Next Generation Foundation\" class=\"wp-image-61\" srcset=\"https:\/\/nextgenerationfoundation.ch\/wp-content\/uploads\/2020\/11\/ngf-logo-200-200.jpg 200w, https:\/\/nextgenerationfoundation.ch\/wp-content\/uploads\/2020\/11\/ngf-logo-200-200-150x150.jpg 150w\" sizes=\"auto, (max-width: 200px) 100vw, 200px\" \/><\/figure>\n<\/div>\n\n\n\n<div class=\"wp-block-column is-layout-flow wp-block-column-is-layout-flow\" style=\"flex-basis:66.66%\">\n<p><strong>your own way<\/strong><br>Every human should be able to pursue happiness and shape their own life. Sometimes, just a little boost is needed. We support young people on their way to discovering their own abilities, developing them further and ultimately taking responsibility for themselves and their environment. Their quality of life improves.<\/p>\n<\/div>\n<\/div>\n\n\n\n<figure class=\"wp-block-image alignfull size-large\"><img loading=\"lazy\" decoding=\"async\" width=\"1024\" height=\"576\" src=\"http:\/\/nextgenerationfoundation.ch\/wp-content\/uploads\/2020\/11\/PHOTO-2020-03-08-22-05-28-2-2-1024x576.jpg\" alt=\"\" class=\"wp-image-113\" srcset=\"https:\/\/nextgenerationfoundation.ch\/wp-content\/uploads\/2020\/11\/PHOTO-2020-03-08-22-05-28-2-2-1024x576.jpg 1024w, https:\/\/nextgenerationfoundation.ch\/wp-content\/uploads\/2020\/11\/PHOTO-2020-03-08-22-05-28-2-2-300x169.jpg 300w, https:\/\/nextgenerationfoundation.ch\/wp-content\/uploads\/2020\/11\/PHOTO-2020-03-08-22-05-28-2-2-768x432.jpg 768w, https:\/\/nextgenerationfoundation.ch\/wp-content\/uploads\/2020\/11\/PHOTO-2020-03-08-22-05-28-2-2.jpg 1500w\" sizes=\"auto, (max-width: 1024px) 100vw, 1024px\" \/><\/figure>","protected":false},"excerpt":{"rendered":"<p>your own wayJeder Mensch darf positive Erfahrungen machen und sein Leben selbst gestalten. Manchmal fehlt dazu nur ein kleiner Ansto\u00df. Wir unterst\u00fctzen junge Menschen auf Ihrem Weg, ihre eigenen F\u00e4higkeiten zu entdecken, diese weiter zu entwickeln und schlie\u00dflich Verantwortung f\u00fcr sich und ihr Umfeld zu \u00fcbernehmen. Ihre Lebensqualit\u00e4t verbessert sich.<\/p>","protected":false},"author":1,"featured_media":0,"parent":0,"menu_order":0,"comment_status":"closed","ping_status":"closed","template":"","meta":{"footnotes":""},"class_list":["post-45","page","type-page","status-publish","hentry","entry"],"_links":{"self":[{"href":"http:\/\/nextgenerationfoundation.ch\/en\/wp-json\/wp\/v2\/pages\/45","targetHints":{"allow":["GET"]}}],"collection":[{"href":"http:\/\/nextgenerationfoundation.ch\/en\/wp-json\/wp\/v2\/pages"}],"about":[{"href":"http:\/\/nextgenerationfoundation.ch\/en\/wp-json\/wp\/v2\/types\/page"}],"author":[{"embeddable":true,"href":"http:\/\/nextgenerationfoundation.ch\/en\/wp-json\/wp\/v2\/users\/1"}],"replies":[{"embeddable":true,"href":"http:\/\/nextgenerationfoundation.ch\/en\/wp-json\/wp\/v2\/comments?post=45"}],"version-history":[{"count":10,"href":"http:\/\/nextgenerationfoundation.ch\/en\/wp-json\/wp\/v2\/pages\/45\/revisions"}],"predecessor-version":[{"id":126,"href":"http:\/\/nextgenerationfoundation.ch\/en\/wp-json\/wp\/v2\/pages\/45\/revisions\/126"}],"wp:attachment":[{"href":"http:\/\/nextgenerationfoundation.ch\/en\/wp-json\/wp\/v2\/media?parent=45"}],"curies":[{"name":"wp","href":"https:\/\/api.w.org\/{rel}","templated":true}]}}