{"id":127,"date":"2020-12-04T19:30:24","date_gmt":"2020-12-04T18:30:24","guid":{"rendered":"http:\/\/nextgenerationfoundation.ch\/?page_id=127"},"modified":"2020-12-04T19:30:24","modified_gmt":"2020-12-04T18:30:24","slug":"avicenna","status":"publish","type":"page","link":"http:\/\/nextgenerationfoundation.ch\/en\/avicenna\/","title":{"rendered":"avicenna"},"content":{"rendered":"<p>Avicenna has established a school for Syrian refugee children in the Izmir region of western Turkey. Most refugee families live in camps without constant access to health and education facilities. These children don\u2018t have the chance to access any working educational system at all within the next few years of their lives and without any support there would grow up a lost generation. Education and learning raises the quality of life for all people in the camp, the conflict potential is lower, social structures are improving and most refugees find it easier to integrate and adopt at the environment and the social structures of the society in their guest country. One avicenna team visits each school each day so that they can personally support the teachers or settle conflicts. The number of pupils is raising daily and so does the number of those sitting and passing exams.<\/p>\n\n\n\n<figure class=\"wp-block-image size-large\"><img loading=\"lazy\" decoding=\"async\" width=\"1024\" height=\"576\" src=\"http:\/\/nextgenerationfoundation.ch\/wp-content\/uploads\/2020\/12\/PHOTO-2020-03-08-22-05-24-2-1024x576.jpg\" alt=\"\" class=\"wp-image-129\" srcset=\"https:\/\/nextgenerationfoundation.ch\/wp-content\/uploads\/2020\/12\/PHOTO-2020-03-08-22-05-24-2-1024x576.jpg 1024w, https:\/\/nextgenerationfoundation.ch\/wp-content\/uploads\/2020\/12\/PHOTO-2020-03-08-22-05-24-2-300x169.jpg 300w, https:\/\/nextgenerationfoundation.ch\/wp-content\/uploads\/2020\/12\/PHOTO-2020-03-08-22-05-24-2-768x432.jpg 768w, https:\/\/nextgenerationfoundation.ch\/wp-content\/uploads\/2020\/12\/PHOTO-2020-03-08-22-05-24-2.jpg 1500w\" sizes=\"auto, (max-width: 1024px) 100vw, 1024px\" \/><\/figure>","protected":false},"excerpt":{"rendered":"<p>Avicenna hat in der Region Izmir in der Westt\u00fcrkei eine Schule f\u00fcr Syrische Fl\u00fcchtlingskinder aufgebaut. Die meisten Fl\u00fcchtlingsfamilien leben in Lagern ohne konstanten Zugang zu Gesundheits- und Bildungsangeboten. Die Chance dieser Kinder, dass sie in den n\u00e4chsten Jahren in ein funktionierendes Bildungssystem tendieren gegen Null und ohne Unterst\u00fctzung w\u00fcrde eine verlorene Generation heranwachsen. Lernen erh\u00f6ht &hellip; <\/p>\n<p class=\"link-more\"><a href=\"http:\/\/nextgenerationfoundation.ch\/en\/avicenna\/\" class=\"more-link\">Continue reading<span class=\"screen-reader-text\"> &#8222;avicenna&#8220;<\/span><\/a><\/p>","protected":false},"author":1,"featured_media":0,"parent":0,"menu_order":0,"comment_status":"closed","ping_status":"closed","template":"","meta":{"footnotes":""},"class_list":["post-127","page","type-page","status-publish","hentry","entry"],"_links":{"self":[{"href":"http:\/\/nextgenerationfoundation.ch\/en\/wp-json\/wp\/v2\/pages\/127","targetHints":{"allow":["GET"]}}],"collection":[{"href":"http:\/\/nextgenerationfoundation.ch\/en\/wp-json\/wp\/v2\/pages"}],"about":[{"href":"http:\/\/nextgenerationfoundation.ch\/en\/wp-json\/wp\/v2\/types\/page"}],"author":[{"embeddable":true,"href":"http:\/\/nextgenerationfoundation.ch\/en\/wp-json\/wp\/v2\/users\/1"}],"replies":[{"embeddable":true,"href":"http:\/\/nextgenerationfoundation.ch\/en\/wp-json\/wp\/v2\/comments?post=127"}],"version-history":[{"count":1,"href":"http:\/\/nextgenerationfoundation.ch\/en\/wp-json\/wp\/v2\/pages\/127\/revisions"}],"predecessor-version":[{"id":131,"href":"http:\/\/nextgenerationfoundation.ch\/en\/wp-json\/wp\/v2\/pages\/127\/revisions\/131"}],"wp:attachment":[{"href":"http:\/\/nextgenerationfoundation.ch\/en\/wp-json\/wp\/v2\/media?parent=127"}],"curies":[{"name":"wp","href":"https:\/\/api.w.org\/{rel}","templated":true}]}}