{"id":123,"date":"2020-12-04T19:12:09","date_gmt":"2020-12-04T18:12:09","guid":{"rendered":"http:\/\/nextgenerationfoundation.ch\/?page_id=123"},"modified":"2020-12-04T19:12:09","modified_gmt":"2020-12-04T18:12:09","slug":"spectrum-mobil","status":"publish","type":"page","link":"http:\/\/nextgenerationfoundation.ch\/en\/spectrum-mobil\/","title":{"rendered":"spectrum mobil"},"content":{"rendered":"<p>spectrum e.V. is a non-profit-organisation that cares for more than 30 years of people with multiple placements obstacles. The association is not in competition with the free economy, but the support measures are in the public interest: social follow-up costs must be avoided, and integration measures must not destroy jobs in the free economy under any circumstances.<br>All refugees who found a job in a cooperating company will not only receive a technical training on the job for up to five hours a day, but have to work on their language skills as well. To keep them employable spectrum mobil cares for their daily practice routine and develops their job-related skills. They are paid a pocket money of 2-3 Euro per hour because it\u2019s not a full-time job but more an integration measure. There are three modules, an eight months orientation phase, a four to six months qualification phase as a spare on the job and a consecutive two to three years long education phase with ongoing training for a technical position. Usually 70-80% of all those who started on the program finish after three years.<\/p>","protected":false},"excerpt":{"rendered":"<p>spectrum e.V. ist ein gemeinn\u00fctziger Verein, der seit 30 Jahren Menschen mit multiplen Vermittlungshemmnissen betreut. Der Verein steht nicht in Konkurrenz zur freien Wirtschaft, jedoch sind die F\u00f6rderma\u00dfnahmen im \u00f6ffentlichen Interesse: gesellschaftliche Folgekosten gilt es zu vermeiden, und Integrationsma\u00dfnahmen d\u00fcrfen keinesfalls Arbeitspl\u00e4tze in der freien Wirtschaft vernichten.Die Gefl\u00fcchteten, die je nach Kooperationsunternehmen in verschiedenen Ma\u00dfnahmen &hellip; <\/p>\n<p class=\"link-more\"><a href=\"http:\/\/nextgenerationfoundation.ch\/en\/spectrum-mobil\/\" class=\"more-link\">Continue reading<span class=\"screen-reader-text\"> &#8222;spectrum mobil&#8220;<\/span><\/a><\/p>","protected":false},"author":1,"featured_media":0,"parent":0,"menu_order":0,"comment_status":"closed","ping_status":"closed","template":"","meta":{"footnotes":""},"class_list":["post-123","page","type-page","status-publish","hentry","entry"],"_links":{"self":[{"href":"http:\/\/nextgenerationfoundation.ch\/en\/wp-json\/wp\/v2\/pages\/123","targetHints":{"allow":["GET"]}}],"collection":[{"href":"http:\/\/nextgenerationfoundation.ch\/en\/wp-json\/wp\/v2\/pages"}],"about":[{"href":"http:\/\/nextgenerationfoundation.ch\/en\/wp-json\/wp\/v2\/types\/page"}],"author":[{"embeddable":true,"href":"http:\/\/nextgenerationfoundation.ch\/en\/wp-json\/wp\/v2\/users\/1"}],"replies":[{"embeddable":true,"href":"http:\/\/nextgenerationfoundation.ch\/en\/wp-json\/wp\/v2\/comments?post=123"}],"version-history":[{"count":1,"href":"http:\/\/nextgenerationfoundation.ch\/en\/wp-json\/wp\/v2\/pages\/123\/revisions"}],"predecessor-version":[{"id":124,"href":"http:\/\/nextgenerationfoundation.ch\/en\/wp-json\/wp\/v2\/pages\/123\/revisions\/124"}],"wp:attachment":[{"href":"http:\/\/nextgenerationfoundation.ch\/en\/wp-json\/wp\/v2\/media?parent=123"}],"curies":[{"name":"wp","href":"https:\/\/api.w.org\/{rel}","templated":true}]}}