{"id":120,"date":"2020-12-04T19:10:59","date_gmt":"2020-12-04T18:10:59","guid":{"rendered":"http:\/\/nextgenerationfoundation.ch\/?page_id=120"},"modified":"2023-01-23T15:19:27","modified_gmt":"2023-01-23T14:19:27","slug":"infoklick","status":"publish","type":"page","link":"http:\/\/nextgenerationfoundation.ch\/en\/infoklick\/","title":{"rendered":"infoklick"},"content":{"rendered":"<p>infoklick has been established in 1998 by Markus Gander as a non-profit-organisation. <a href=\"https:\/\/infoklick.ch\" target=\"_blank\" rel=\"noreferrer noopener\">Infoklick.ch<\/a> is a point of contact for children, teenagers and young adolescents who want to take action with their own ideas and their own resources. By realizing them, they will become more and more integrated in our society. They feel accepted and therefore find optimal conditions to flourish and take responsibility for their life over. Regardless of their origin, gender, faith, level of education and financial means. Adolescents identify themselves through projects, topics, activities. This is where infoklick starts.<\/p>","protected":false},"excerpt":{"rendered":"<p>infoklick wurde 1998 von Markus Gander als gemeinn\u00fctzige Organisation gegr\u00fcndet. Infoklick.ch ist eine Anlaufstelle f\u00fcr Kinder und Jugendliche, die sich aktiv mit eigenen Ideen und eigenen Ressourcen engagieren wollen und durch Umsetzung dieser in die Gesellschaft integriert sind, sich wohl f\u00fchlen und \u00fcber f\u00fcr sie optimale Bedingungen verf\u00fcgen, sich zu entwickeln und ihr Leben selbst\u00e4ndig &hellip; <\/p>\n<p class=\"link-more\"><a href=\"http:\/\/nextgenerationfoundation.ch\/en\/infoklick\/\" class=\"more-link\">Continue reading<span class=\"screen-reader-text\"> &#8222;infoklick&#8220;<\/span><\/a><\/p>","protected":false},"author":1,"featured_media":0,"parent":0,"menu_order":0,"comment_status":"closed","ping_status":"closed","template":"","meta":{"footnotes":""},"class_list":["post-120","page","type-page","status-publish","hentry","entry"],"_links":{"self":[{"href":"http:\/\/nextgenerationfoundation.ch\/en\/wp-json\/wp\/v2\/pages\/120","targetHints":{"allow":["GET"]}}],"collection":[{"href":"http:\/\/nextgenerationfoundation.ch\/en\/wp-json\/wp\/v2\/pages"}],"about":[{"href":"http:\/\/nextgenerationfoundation.ch\/en\/wp-json\/wp\/v2\/types\/page"}],"author":[{"embeddable":true,"href":"http:\/\/nextgenerationfoundation.ch\/en\/wp-json\/wp\/v2\/users\/1"}],"replies":[{"embeddable":true,"href":"http:\/\/nextgenerationfoundation.ch\/en\/wp-json\/wp\/v2\/comments?post=120"}],"version-history":[{"count":2,"href":"http:\/\/nextgenerationfoundation.ch\/en\/wp-json\/wp\/v2\/pages\/120\/revisions"}],"predecessor-version":[{"id":171,"href":"http:\/\/nextgenerationfoundation.ch\/en\/wp-json\/wp\/v2\/pages\/120\/revisions\/171"}],"wp:attachment":[{"href":"http:\/\/nextgenerationfoundation.ch\/en\/wp-json\/wp\/v2\/media?parent=120"}],"curies":[{"name":"wp","href":"https:\/\/api.w.org\/{rel}","templated":true}]}}